{"id":560,"date":"2025-02-18T13:52:45","date_gmt":"2025-02-18T12:52:45","guid":{"rendered":"https:\/\/porteursdevivres79.com\/?page_id=560"},"modified":"2026-03-23T13:46:52","modified_gmt":"2026-03-23T12:46:52","slug":"commandes-groupees","status":"publish","type":"page","link":"https:\/\/www.porteursdevivres.fr\/index.php\/commandes-groupees\/","title":{"rendered":"Commandes group\u00e9es"},"content":{"rendered":"<!--themify_builder_content-->\n<div id=\"themify_builder_content-560\" data-postid=\"560\" class=\"themify_builder_content themify_builder_content-560 themify_builder tf_clear\">\n                    <div  data-css_id=\"73db620\" data-lazy=\"1\" class=\"module_row themify_builder_row fullwidth tb_73db620 tb_first tf_w\">\n                        <div class=\"row_inner col_align_top tb_col_count_1 tf_box tf_rel\">\n                        <div  data-lazy=\"1\" class=\"module_column tb-column col-full tb_vlye620 first\">\n                            <div  data-lazy=\"1\" class=\"module_subrow themify_builder_sub_row tf_w col_align_top tb_col_count_1 tb_rt5o35\">\n                <div  data-lazy=\"1\" class=\"module_column sub_column col-full tb_nw0435 first\">\n                    <!-- module fancy heading -->\n<div  class=\"module module-fancy-heading tb_mopv196  tb_hide_divider\" data-lazy=\"1\">\n        <h1 class=\"fancy-heading tf_textc\">\n    <span class=\"main-head tf_block\">\n                    LES COMMANDES GROUP\u00c9ES            <\/span>\n\n    \n    <span class=\"sub-head tf_block tf_rel\">\n                                <\/span>\n    <\/h1>\n<\/div>\n<!-- \/module fancy heading -->\n        <div  data-lazy=\"1\" class=\"module_subrow themify_builder_sub_row tf_w col_align_top tb_col_count_1 tb_n1r8578\">\n                <div  data-lazy=\"1\" class=\"module_column sub_column col-full tb_0a7j578 first\">\n                            <div  data-lazy=\"1\" class=\"module_subrow themify_builder_sub_row tf_w col_align_top tb_col_count_3 tb_nvaa851\">\n                <div  data-lazy=\"1\" class=\"module_column sub_column col3-1 tb_adh8851 first\">\n                            <div  data-lazy=\"1\" class=\"module_subrow themify_builder_sub_row tf_w col_align_top tb_col_count_1 tb_rfeu209\">\n                <div  data-lazy=\"1\" class=\"module_column sub_column col-full tb_krwj209 first\">\n                            <\/div>\n                    <\/div>\n                <\/div>\n                    <div  data-lazy=\"1\" class=\"module_column sub_column col3-1 tb_b9t0786\">\n                    <!-- module text -->\n<div  class=\"module module-text tb_7ide72   \" data-lazy=\"1\">\n        <div  class=\"tb_text_wrap\">\n        <p><span style=\"font-weight: bold;\">Profitez d&rsquo;offres gourmandes exclusives &nbsp;(viande bovine, volailles, chocolat&#8230;) tout en simplifiant la vie aux producteurs.trices. <span class=\"s1\">Choisissez l&rsquo;une de ces deux listes de diffusion pour \u00eatre inform\u00e9.e de nos prochaines commandes group\u00e9es par e-mail.<\/span><\/span><\/p>    <\/div>\n<\/div>\n<!-- \/module text -->        <div  data-lazy=\"1\" class=\"module_subrow themify_builder_sub_row tf_w col_align_top tb_col_count_2 tb_fkqj774\">\n                <div  data-lazy=\"1\" class=\"module_column sub_column col4-2 tb_teal774 first\">\n                    <!-- module text -->\n<div  class=\"module module-text tb_6hhh710   \" data-lazy=\"1\">\n        <div  class=\"tb_text_wrap\">\n        <p style=\"text-align: center;\">Inscrivez-vous sur la liste g\u00e9n\u00e9rale afin de recevoir les <strong>formulaires de commandes en ligne<\/strong>\u00a0ainsi que les <strong>nouvelles hebdomadaires<\/strong> de l&rsquo;\u00e9picerie.\u00a0<\/p>    <\/div>\n<\/div>\n<!-- \/module text --><!-- module buttons -->\n<div  class=\"module module-buttons tb_4aog931 buttons-horizontal outline   circle\" data-lazy=\"1\">\n        <div class=\"module-buttons-item tf_in_flx\">\n                        <a href=\"https:\/\/groups.google.com\/g\/nouvelles_de_porteurs-de-vivres\" class=\"ui builder_button tf_in_flx tb_default_color\" target=\"_blank\" rel=\"noopener\">\n                                                Liste g\u00e9n\u00e9rale                                        <\/a>\n                <\/div>\n            <\/div>\n<!-- \/module buttons -->\n        <\/div>\n                    <div  data-lazy=\"1\" class=\"module_column sub_column col4-2 tb_erpe774 last\">\n                    <!-- module text -->\n<div  class=\"module module-text tb_4z09118   \" data-lazy=\"1\">\n        <div  class=\"tb_text_wrap\">\n        <p style=\"text-align: center;\">Vous ne souhaitez recevoir que les <strong>formulaires de commandes en ligne <\/strong>et rien d&rsquo;autre ? Inscrivez-vous sur la liste commandes.<\/p>    <\/div>\n<\/div>\n<!-- \/module text --><!-- module buttons -->\n<div  class=\"module module-buttons tb_ogc9633 buttons-horizontal outline   circle\" data-lazy=\"1\">\n        <div class=\"module-buttons-item tf_in_flx\">\n                        <a href=\"https:\/\/groups.google.com\/g\/commandes-groupees\" class=\"ui builder_button tf_in_flx tb_default_color\" target=\"_blank\" rel=\"noopener\">\n                                                liste commandes                                        <\/a>\n                <\/div>\n            <\/div>\n<!-- \/module buttons -->\n        <\/div>\n                    <\/div>\n        <!-- module text -->\n<div  class=\"module module-text tb_fofw138   \" data-lazy=\"1\">\n        <div  class=\"tb_text_wrap\">\n        <p><strong>Vous n&rsquo;\u00eates pas s\u00fbr.e d&rsquo;y \u00eatre inscrit.e ?<br><\/strong>Cliquez sur le bouton d&rsquo;inscription et si vous voyez appara\u00eetre \u00ab\u00a0mes param\u00e8tres d&rsquo;adh\u00e9sion\u00a0\u00bb en bas dans le menu \u00e0 gauche, c&rsquo;est que vous l&rsquo;\u00eates.<\/p>    <\/div>\n<\/div>\n<!-- \/module text -->        <\/div>\n                    <div  data-lazy=\"1\" class=\"module_column sub_column col3-1 tb_zkvj183 last\">\n                            <\/div>\n                    <\/div>\n                <\/div>\n                    <\/div>\n                <\/div>\n                    <\/div>\n                <div  data-lazy=\"1\" class=\"module_subrow themify_builder_sub_row tf_w col_align_top tb_col_count_1 tb_jwbb738\">\n                <div  data-lazy=\"1\" class=\"module_column sub_column col-full tb_iiju738 first\">\n                    <!-- module template_part -->\n<div  class=\"module module-layout-part tb_3sc8928 \">\n    <div class=\"tb_layout_part_wrap tf_w\"><!--themify_builder_content-->\n    <div  class=\"themify_builder_content themify_builder_content-589 themify_builder not_editable_builder in_the_loop\" data-postid=\"589\">\n                        <div  data-mobile-padding=\"1px\" data-css_id=\"45p8783\" data-lazy=\"1\" class=\"module_row themify_builder_row fullwidth_row_container tb_45p8783 tf_w\">\n                        <div class=\"row_inner col_align_top gutter-none tb_col_count_3 tf_box tf_rel\">\n                        <div  data-lazy=\"1\" class=\"module_column tb-column col3-1 tb_n2m9783 first\">\n                    <!-- module image -->\n<div  class=\"module module-image tb_hzmw783 image-top circle  tf_mw hide-tablet hide-mobile\" data-lazy=\"1\">\n        <div class=\"image-wrap tf_rel tf_mw\">\n            <img loading=\"lazy\" decoding=\"async\" src=\"http:\/\/porteursdevivres79.com\/wp-content\/uploads\/2025\/02\/PDV_HELENE_BAILLY-350x350-1.jpg\" width=\"350\" height=\"350\" title=\"Commandes group\u00e9es\" alt=\"Commandes group\u00e9es\">    \n        <\/div>\n    <!-- \/image-wrap -->\n    \n        <\/div>\n<!-- \/module image -->        <\/div>\n                    <div  data-lazy=\"1\" class=\"module_column tb-column col3-1 tb_cy5l783\">\n                    <!-- module text -->\n<div  class=\"module module-text tb_47a0783   \" data-lazy=\"1\">\n        <div  class=\"tb_text_wrap\">\n        <h2>POULETS &amp; pintades bio<\/h2>    <\/div>\n<\/div>\n<!-- \/module text --><!-- module text -->\n<div  class=\"module module-text tb_jmdy304   \" data-lazy=\"1\">\n        <div  class=\"tb_text_wrap\">\n        <p>Laissez-vous tenter par les d\u00e9licieuses volailles \u00e9lev\u00e9es en plein air par H\u00e9l\u00e8ne Bailly \u00e0 la <strong>Ferme de l&rsquo;Oucherie<\/strong>.<\/p>\n<p class=\"p1\">Les ventes de poulets et pintades ont lieu <strong>tous les deuxi\u00e8mes mercredis du mois<\/strong> (sauf l&rsquo;\u00e9t\u00e9).<\/p>\n<p class=\"p1\">Les dates de la prochaine vente seront communiqu\u00e9es par email.\u00a0<\/p>    <\/div>\n<\/div>\n<!-- \/module text --><!-- module buttons -->\n<div  class=\"module module-buttons tb_dqyf783 buttons-horizontal outline  large\" data-lazy=\"1\">\n        <div class=\"module-buttons-item tf_in_flx\">\n                        <a href=\"https:\/\/docs.google.com\/forms\/d\/e\/1FAIpQLSdgbEAEPXaz1yOfkGvKYymbhi0-98l18rGWpo6IqVgec0Bx4A\/viewform?usp=send_form\" class=\"ui builder_button tf_in_flx tb_default_color\" target=\"_blank\" rel=\"noopener\">\n                                                COMMANDER                                        <\/a>\n                <\/div>\n            <\/div>\n<!-- \/module buttons -->\n        <\/div>\n                    <div  data-lazy=\"1\" class=\"module_column tb-column col3-1 tb_b30h783 last\">\n                    <!-- module image -->\n<div  class=\"module module-image tb_btg3783 image-center   auto_fullwidth tf_mw hide-tablet hide-mobile\" data-lazy=\"1\">\n        <div class=\"image-wrap tf_rel tf_mw\">\n            <img decoding=\"async\" src=\"http:\/\/porteursdevivres79.com\/wp-content\/uploads\/2025\/11\/PDV_OUCHERIE_PLAN-1.svg\" title=\"Commandes group\u00e9es\" alt=\"Commandes group\u00e9es\">    \n        <\/div>\n    <!-- \/image-wrap -->\n    \n        <\/div>\n<!-- \/module image -->        <div  data-lazy=\"1\" class=\"module_subrow themify_builder_sub_row tf_w col_align_top tb_col_count_1 tb_lxeg847 hide-desktop hide-tablet_landscape\">\n                <div  data-lazy=\"1\" class=\"module_column sub_column col-full tb_sv0x847 first\">\n                    <!-- module image -->\n<div  class=\"module module-image tb_jbbg745 image-top circle  auto_fullwidth tf_mw\" data-lazy=\"1\">\n        <div class=\"image-wrap tf_rel tf_mw\">\n            <img loading=\"lazy\" decoding=\"async\" src=\"http:\/\/porteursdevivres79.com\/wp-content\/uploads\/2025\/02\/PDV_HELENE_BAILLY_PLAN_mobile2.png\" width=\"600\" height=\"306\" title=\"Commandes group\u00e9es\" alt=\"Commandes group\u00e9es\">    \n        <\/div>\n    <!-- \/image-wrap -->\n    \n        <\/div>\n<!-- \/module image -->        <\/div>\n                    <\/div>\n                <\/div>\n                        <\/div>\n        <\/div>\n            <\/div>\n<!--\/themify_builder_content--><\/div>\n<\/div>\n<!-- \/module template_part --><!-- module template_part -->\n<div  class=\"module module-layout-part tb_wdej32 \">\n    <div class=\"tb_layout_part_wrap tf_w\"><!--themify_builder_content-->\n    <div  class=\"themify_builder_content themify_builder_content-596 themify_builder not_editable_builder in_the_loop\" data-postid=\"596\">\n                        <div  data-mobile-padding=\"1px\" data-css_id=\"tkdw215\" data-lazy=\"1\" class=\"module_row themify_builder_row fullwidth_row_container tb_tkdw215 tf_w\">\n                        <div class=\"row_inner col_align_top tb_col_count_3 tf_box tf_rel\">\n                        <div  data-lazy=\"1\" class=\"module_column tb-column col3-1 tb_s5x6215 first\">\n                    <!-- module image -->\n<div  class=\"module module-image tb_e12n215 image-top circle  tf_mw hide-tablet hide-mobile\" data-lazy=\"1\">\n        <div class=\"image-wrap tf_rel tf_mw\">\n            <img loading=\"lazy\" decoding=\"async\" src=\"http:\/\/porteursdevivres79.com\/wp-content\/uploads\/2025\/02\/PDV_SEBASTIEN_QUINAULT.jpg\" width=\"350\" height=\"1024\" title=\"Commandes group\u00e9es\" alt=\"Commandes group\u00e9es\">    \n        <\/div>\n    <!-- \/image-wrap -->\n    \n        <\/div>\n<!-- \/module image -->        <\/div>\n                    <div  data-lazy=\"1\" class=\"module_column tb-column col3-1 tb_hy2m215\">\n                    <!-- module text -->\n<div  class=\"module module-text tb_mb35215   \" data-lazy=\"1\">\n        <div  class=\"tb_text_wrap\">\n        <h1 class=\"p1\"><span class=\"s1\">VIANDE BOVINE \u2013 SALERS BIO<\/span><\/h1>    <\/div>\n<\/div>\n<!-- \/module text --><!-- module text -->\n<div  class=\"module module-text tb_6wyo215   \" data-lazy=\"1\">\n        <div  class=\"tb_text_wrap\">\n        <p>R\u00e9galez-vous avec les colis de viande <span class=\"s1\">Salers BIO \u2013 P\u00c2TURES ET PAPILLES \u2013 \u00e9lev\u00e9es 100% \u00e0 l&rsquo;herbe.\u00a0<br><\/span><\/p>\n<p>Les dates de la prochaine vente seront communiqu\u00e9es par email.\u00a0<\/p>    <\/div>\n<\/div>\n<!-- \/module text --><!-- module buttons -->\n<div  class=\"module module-buttons tb_gtwe215 buttons-horizontal outline  hide-desktop hide-tablet hide-tablet_landscape hide-mobile large\" data-lazy=\"1\">\n        <div class=\"module-buttons-item tf_in_flx\">\n                        <a href=\"https:\/\/forms.gle\/yvhK57CpdSfqLxeV9\" class=\"ui builder_button tf_in_flx tb_default_color\" target=\"_blank\" rel=\"noopener\">\n                                                COMMANDER                                        <\/a>\n                <\/div>\n            <\/div>\n<!-- \/module buttons -->\n        <\/div>\n                    <div  data-lazy=\"1\" class=\"module_column tb-column col3-1 tb_dj40215 last\">\n                    <!-- module image -->\n<div  class=\"module module-image tb_ib8e124 image-center   tf_mw hide-tablet hide-mobile\" data-lazy=\"1\">\n        <div class=\"image-wrap tf_rel tf_mw\">\n            <img decoding=\"async\" src=\"http:\/\/porteursdevivres79.com\/wp-content\/uploads\/2025\/11\/TROUPEAU_ROUGE_PLAN.svg\" width=\"300\" title=\"Commandes group\u00e9es\" alt=\"Commandes group\u00e9es\">    \n        <\/div>\n    <!-- \/image-wrap -->\n    \n        <\/div>\n<!-- \/module image -->        <div  data-lazy=\"1\" class=\"module_subrow themify_builder_sub_row tf_w col_align_top tb_col_count_1 tb_kwvq336 hide-desktop hide-tablet_landscape\">\n                <div  data-lazy=\"1\" class=\"module_column sub_column col-full tb_sn2y336 first\">\n                    <!-- module image -->\n<div  class=\"module module-image tb_cdjg336 image-top circle  auto_fullwidth tf_mw\" data-lazy=\"1\">\n        <div class=\"image-wrap tf_rel tf_mw\">\n            <img loading=\"lazy\" decoding=\"async\" src=\"http:\/\/porteursdevivres79.com\/wp-content\/uploads\/2025\/02\/PDV_TROUPEAU_ROUGE_PLAN_mobile.png\" width=\"1865\" height=\"1024\" title=\"Commandes group\u00e9es\" alt=\"Commandes group\u00e9es\">    \n        <\/div>\n    <!-- \/image-wrap -->\n    \n        <\/div>\n<!-- \/module image -->        <\/div>\n                    <\/div>\n                <\/div>\n                        <\/div>\n        <\/div>\n            <\/div>\n<!--\/themify_builder_content--><\/div>\n<\/div>\n<!-- \/module template_part -->        <\/div>\n                    <\/div>\n                <div  data-lazy=\"1\" class=\"module_subrow themify_builder_sub_row tf_w col_align_top tb_col_count_1 tb_9hbz738\">\n                <div  data-lazy=\"1\" class=\"module_column sub_column col-full tb_cfqf738 first\">\n                            <\/div>\n                    <\/div>\n                <\/div>\n                        <\/div>\n        <\/div>\n                        <div  data-css_id=\"totp744\" data-lazy=\"1\" class=\"module_row themify_builder_row fullwidth_row_container tb_totp744 tf_w hide-mobile\">\n                        <div class=\"row_inner col_align_top tb_col_count_1 tf_box tf_rel\">\n                        <div  data-lazy=\"1\" class=\"module_column tb-column col-full tb_hxm1744 first\">\n                            <div  data-lazy=\"1\" class=\"module_subrow themify_builder_sub_row tf_w col_align_middle tb_col_count_3 tb_1qpy439\">\n                <div  data-lazy=\"1\" class=\"module_column sub_column col3-1 tb_eoq8439 first\">\n                    <!-- module image -->\n<div  class=\"module module-image tb_kii3758 image-top   tf_mw\" data-lazy=\"1\">\n        <div class=\"image-wrap tf_rel tf_mw\">\n            <img loading=\"lazy\" decoding=\"async\" src=\"http:\/\/porteursdevivres79.com\/wp-content\/uploads\/2025\/02\/SUNSHINE_CHOCOLATS_entier_S2.png\" width=\"400\" height=\"410\" title=\"Commandes group\u00e9es\" alt=\"Commandes group\u00e9es\">    \n        <\/div>\n    <!-- \/image-wrap -->\n    \n        <\/div>\n<!-- \/module image -->        <\/div>\n                    <div  data-lazy=\"1\" class=\"module_column sub_column col3-1 tb_bapq439\">\n                    <!-- module fancy heading -->\n<div  class=\"module module-fancy-heading tb_7ejx920  tb_hide_divider\" data-lazy=\"1\">\n        <h1 class=\"fancy-heading tf_textc\">\n    <span class=\"main-head tf_block\">\n                    CHOCOLATS SUNSHINE            <\/span>\n\n    \n    <span class=\"sub-head tf_block tf_rel\">\n                                <\/span>\n    <\/h1>\n<\/div>\n<!-- \/module fancy heading -->\n<!-- module text -->\n<div  class=\"module module-text tb_snjy448   \" data-lazy=\"1\">\n        <div  class=\"tb_text_wrap\">\n        <p>Chocolats\u00a0bio et \u00e9quitables, fabriqu\u00e9s dans une petite chocolaterie de 6 personnes en Bretagne qui veulent changer le pourcentage du prix de vente qui revient aux producteurs en installant des torr\u00e9facteurs solaires.\u00a0<span style=\"font-size: 1em;\">Les dates de la prochaine vente seront communiqu\u00e9es par email.<\/span><\/p>    <\/div>\n<\/div>\n<!-- \/module text --><!-- module buttons -->\n<div  class=\"module module-buttons tb_uubx325 buttons-horizontal outline  hide-desktop hide-tablet hide-tablet_landscape hide-mobile  circle\" data-lazy=\"1\">\n        <div class=\"module-buttons-item tf_in_flx\">\n                        <a href=\"https:\/\/docs.google.com\/forms\/d\/1laTzym8Her8x9UsgZqTHYUPoscU-X3pONjmAKtreqoU\/edit?ts=67bd8e9f\" class=\"ui builder_button tf_in_flx tb_default_color\" target=\"_blank\" rel=\"noopener\">\n                                                COMMANDER                                        <\/a>\n                <\/div>\n            <\/div>\n<!-- \/module buttons -->\n        <\/div>\n                    <div  data-lazy=\"1\" class=\"module_column sub_column col3-1 tb_wznp439 last\">\n                    <!-- module image -->\n<div  class=\"module module-image tb_6jhi516 image-top   tf_mw\" data-lazy=\"1\">\n        <div class=\"image-wrap tf_rel tf_mw\">\n            <img decoding=\"async\" src=\"http:\/\/porteursdevivres79.com\/wp-content\/uploads\/2025\/02\/SUNSHINE_logo.webp\" title=\"Commandes group\u00e9es\" alt=\"Commandes group\u00e9es\">    \n        <\/div>\n    <!-- \/image-wrap -->\n    \n        <\/div>\n<!-- \/module image -->        <\/div>\n                    <\/div>\n                <\/div>\n                        <\/div>\n        <\/div>\n                        <div  data-css_id=\"fuvi637\" data-lazy=\"1\" class=\"module_row themify_builder_row fullwidth_row_container tb_fuvi637 tf_w hide-desktop hide-tablet hide-tablet_landscape\">\n                        <div class=\"row_inner col_align_top tb_col_count_1 tf_box tf_rel\">\n                        <div  data-lazy=\"1\" class=\"module_column tb-column col-full tb_almi637 first\">\n                            <div  data-lazy=\"1\" class=\"module_subrow themify_builder_sub_row tf_w col_align_middle tb_col_count_3 tb_2tx9637\">\n                <div  data-lazy=\"1\" class=\"module_column sub_column col3-1 tb_vopx637 first\">\n                    <!-- module image -->\n<div  class=\"module module-image tb_gxrs637 image-center   tf_mw\" data-lazy=\"1\">\n        <div class=\"image-wrap tf_rel tf_mw\">\n            <img loading=\"lazy\" decoding=\"async\" src=\"http:\/\/porteursdevivres79.com\/wp-content\/uploads\/2025\/02\/SUNSHINE_CHOCOLATS_mobile.png\" width=\"500\" height=\"450\" title=\"Commandes group\u00e9es\" alt=\"Commandes group\u00e9es\">    \n        <\/div>\n    <!-- \/image-wrap -->\n    \n        <\/div>\n<!-- \/module image -->        <\/div>\n                    <div  data-lazy=\"1\" class=\"module_column sub_column col3-1 tb_mshm637\">\n                    <!-- module fancy heading -->\n<div  class=\"module module-fancy-heading tb_ef4m637  tb_hide_divider\" data-lazy=\"1\">\n        <h1 class=\"fancy-heading tf_textc\">\n    <span class=\"main-head tf_block\">\n                    CHOCOLATS SUNSHINE            <\/span>\n\n    \n    <span class=\"sub-head tf_block tf_rel\">\n                                <\/span>\n    <\/h1>\n<\/div>\n<!-- \/module fancy heading -->\n<!-- module text -->\n<div  class=\"module module-text tb_mf1i637   \" data-lazy=\"1\">\n        <div  class=\"tb_text_wrap\">\n        <p>Chocolats\u00a0bio et \u00e9quitables, fabriqu\u00e9s dans une petite chocolaterie de 6 personnes en Bretagne qui veulent changer le pourcentage du prix de vente qui revient aux producteurs en installant des torr\u00e9facteurs solaires.\u00a0Les dates de la prochaine vente seront communiqu\u00e9es par email.\u00a0<\/p>    <\/div>\n<\/div>\n<!-- \/module text --><!-- module buttons -->\n<div  class=\"module module-buttons tb_werr637 buttons-horizontal outline  hide-desktop hide-tablet hide-tablet_landscape hide-mobile  circle\" data-lazy=\"1\">\n        <div class=\"module-buttons-item tf_in_flx\">\n                        <a href=\"https:\/\/docs.google.com\/forms\/d\/1laTzym8Her8x9UsgZqTHYUPoscU-X3pONjmAKtreqoU\/edit?ts=67bd8e9f\" class=\"ui builder_button tf_in_flx tb_default_color\" target=\"_blank\" rel=\"noopener\">\n                                                COMMANDER                                        <\/a>\n                <\/div>\n            <\/div>\n<!-- \/module buttons -->\n        <\/div>\n                    <div  data-lazy=\"1\" class=\"module_column sub_column col3-1 tb_4yap637 last\">\n                            <\/div>\n                    <\/div>\n                <\/div>\n                        <\/div>\n        <\/div>\n        <\/div>\n<!--\/themify_builder_content-->","protected":false},"excerpt":{"rendered":"<p>Chocolats\u00a0bio et \u00e9quitables, fabriqu\u00e9s dans une petite chocolaterie de 6 personnes en Bretagne qui veulent changer le pourcentage du prix de vente qui revient aux producteurs en installant des torr\u00e9facteurs solaires.\u00a0Les dates de la prochaine vente seront communiqu\u00e9es par email.<\/p>\n","protected":false},"author":4,"featured_media":0,"parent":0,"menu_order":0,"comment_status":"closed","ping_status":"closed","template":"","meta":{"footnotes":""},"class_list":["post-560","page","type-page","status-publish","hentry","has-post-title","has-post-date","has-post-category","has-post-tag","has-post-comment","has-post-author",""],"builder_content":"<h1>LES COMMANDES GROUP\u00c9ES<br\/><\/h1>\n<p>Profitez d'offres gourmandes exclusives &nbsp;(viande bovine, volailles, chocolat...) tout en simplifiant la vie aux producteurs.trices. Choisissez l'une de ces deux listes de diffusion pour \u00eatre inform\u00e9.e de nos prochaines commandes group\u00e9es par e-mail.<\/p>\n<p style=\"text-align: center;\">Inscrivez-vous sur la liste g\u00e9n\u00e9rale afin de recevoir les <strong>formulaires de commandes en ligne<\/strong>\u00a0ainsi que les <strong>nouvelles hebdomadaires<\/strong> de l'\u00e9picerie.\u00a0<\/p>\n<a href=\"https:\/\/groups.google.com\/g\/nouvelles_de_porteurs-de-vivres\" target=\"_blank\" rel=\"noopener\"> Liste g\u00e9n\u00e9rale <\/a>\n<p style=\"text-align: center;\">Vous ne souhaitez recevoir que les <strong>formulaires de commandes en ligne <\/strong>et rien d'autre ? Inscrivez-vous sur la liste commandes.<\/p>\n<a href=\"https:\/\/groups.google.com\/g\/commandes-groupees\" target=\"_blank\" rel=\"noopener\"> liste commandes <\/a>\n<p><strong>Vous n'\u00eates pas s\u00fbr.e d'y \u00eatre inscrit.e ?<br><\/strong>Cliquez sur le bouton d'inscription et si vous voyez appara\u00eetre \"mes param\u00e8tres d'adh\u00e9sion\" en bas dans le menu \u00e0 gauche, c'est que vous l'\u00eates.<\/p>\n<img src=\"http:\/\/porteursdevivres79.com\/wp-content\/uploads\/2025\/02\/SUNSHINE_CHOCOLATS_entier_S2.png\" width=\"400\" height=\"410\" title=\"Commandes group\u00e9es\" alt=\"Commandes group\u00e9es\">\n<h1>CHOCOLATS SUNSHINE<br\/><\/h1>\n<p>Chocolats\u00a0bio et \u00e9quitables, fabriqu\u00e9s dans une petite chocolaterie de 6 personnes en Bretagne qui veulent changer le pourcentage du prix de vente qui revient aux producteurs en installant des torr\u00e9facteurs solaires.\u00a0Les dates de la prochaine vente seront communiqu\u00e9es par email.<\/p>\n<a href=\"https:\/\/docs.google.com\/forms\/d\/1laTzym8Her8x9UsgZqTHYUPoscU-X3pONjmAKtreqoU\/edit?ts=67bd8e9f\" target=\"_blank\" rel=\"noopener\"> COMMANDER <\/a>\n<img src=\"http:\/\/porteursdevivres79.com\/wp-content\/uploads\/2025\/02\/SUNSHINE_logo.webp\" title=\"Commandes group\u00e9es\" alt=\"Commandes group\u00e9es\">\n<img src=\"http:\/\/porteursdevivres79.com\/wp-content\/uploads\/2025\/02\/SUNSHINE_CHOCOLATS_mobile.png\" width=\"500\" height=\"450\" title=\"Commandes group\u00e9es\" alt=\"Commandes group\u00e9es\">\n<h1>CHOCOLATS SUNSHINE<br\/><\/h1>\n<p>Chocolats\u00a0bio et \u00e9quitables, fabriqu\u00e9s dans une petite chocolaterie de 6 personnes en Bretagne qui veulent changer le pourcentage du prix de vente qui revient aux producteurs en installant des torr\u00e9facteurs solaires.\u00a0Les dates de la prochaine vente seront communiqu\u00e9es par email.\u00a0<\/p>\n<a href=\"https:\/\/docs.google.com\/forms\/d\/1laTzym8Her8x9UsgZqTHYUPoscU-X3pONjmAKtreqoU\/edit?ts=67bd8e9f\" target=\"_blank\" rel=\"noopener\"> COMMANDER <\/a>","_links":{"self":[{"href":"https:\/\/www.porteursdevivres.fr\/index.php\/wp-json\/wp\/v2\/pages\/560","targetHints":{"allow":["GET"]}}],"collection":[{"href":"https:\/\/www.porteursdevivres.fr\/index.php\/wp-json\/wp\/v2\/pages"}],"about":[{"href":"https:\/\/www.porteursdevivres.fr\/index.php\/wp-json\/wp\/v2\/types\/page"}],"author":[{"embeddable":true,"href":"https:\/\/www.porteursdevivres.fr\/index.php\/wp-json\/wp\/v2\/users\/4"}],"replies":[{"embeddable":true,"href":"https:\/\/www.porteursdevivres.fr\/index.php\/wp-json\/wp\/v2\/comments?post=560"}],"version-history":[{"count":310,"href":"https:\/\/www.porteursdevivres.fr\/index.php\/wp-json\/wp\/v2\/pages\/560\/revisions"}],"predecessor-version":[{"id":4896,"href":"https:\/\/www.porteursdevivres.fr\/index.php\/wp-json\/wp\/v2\/pages\/560\/revisions\/4896"}],"wp:attachment":[{"href":"https:\/\/www.porteursdevivres.fr\/index.php\/wp-json\/wp\/v2\/media?parent=560"}],"curies":[{"name":"wp","href":"https:\/\/api.w.org\/{rel}","templated":true}]}}