{"id":649,"date":"2025-02-21T14:30:41","date_gmt":"2025-02-21T13:30:41","guid":{"rendered":"https:\/\/porteursdevivres79.com\/index.php\/mon-compte\/"},"modified":"2026-03-24T09:13:57","modified_gmt":"2026-03-24T08:13:57","slug":"mon-compte","status":"publish","type":"page","link":"https:\/\/www.porteursdevivres.fr\/index.php\/mon-compte\/","title":{"rendered":"Mon compte"},"content":{"rendered":"<!--themify_builder_content-->\n<div id=\"themify_builder_content-649\" data-postid=\"649\" class=\"themify_builder_content themify_builder_content-649 themify_builder tf_clear\">\n                    <div  data-css_id=\"khmd98\" data-lazy=\"1\" class=\"module_row themify_builder_row fullwidth tb_khmd98 tb_first tf_w\">\n                        <div class=\"row_inner col_align_top tb_col_count_1 tf_box tf_rel\">\n                        <div  data-lazy=\"1\" class=\"module_column tb-column col-full tb_tvhb99 first\">\n                    <!-- module text -->\n<div  class=\"module module-text tb_bkgn376   \" data-lazy=\"1\">\n    <h3 class=\"module-title\">Nouveau site web depuis le 15 mars 2026<\/h3>    <div  class=\"tb_text_wrap\">\n        <p style=\"text-align: center;\">Merci de<strong> cr\u00e9er un nouveau compte<\/strong> si vous n&rsquo;avez pas pass\u00e9 commande depuis le changement. En cas de difficult\u00e9 technique lors de la cr\u00e9ation du compte ou du passage d&rsquo;une commande, merci d&rsquo;envoyer un email \u00e0 <strong><a href=\"mailto:webmaster@porteursdevivres.fr\">webmaster@porteursdevivres.fr<\/a><\/strong><\/p>    <\/div>\n<\/div>\n<!-- \/module text -->        <\/div>\n                        <\/div>\n        <\/div>\n                        <div  data-lazy=\"1\" class=\"module_row themify_builder_row tb_9mov689 tf_w\">\n                        <div class=\"row_inner col_align_top tb_col_count_1 tf_box tf_rel\">\n                        <div  data-lazy=\"1\" class=\"module_column tb-column col-full tb_s143689 first\">\n                            <\/div>\n                        <\/div>\n        <\/div>\n        <\/div>\n<!--\/themify_builder_content-->\n\n<div class=\"woocommerce\"><\/div>\n\n\n\n<p><\/p>","protected":false},"excerpt":{"rendered":"","protected":false},"author":1,"featured_media":0,"parent":0,"menu_order":0,"comment_status":"closed","ping_status":"closed","template":"","meta":{"footnotes":""},"class_list":["post-649","page","type-page","status-publish","hentry","has-post-title","has-post-date","has-post-category","has-post-tag","has-post-comment","has-post-author",""],"builder_content":"<h3>Nouveau site web depuis le 15 mars 2026<\/h3> <p style=\"text-align: center;\">Merci de<strong> cr\u00e9er un nouveau compte<\/strong> si vous n'avez pas pass\u00e9 commande depuis le changement. En cas de difficult\u00e9 technique lors de la cr\u00e9ation du compte ou du passage d'une commande, merci d'envoyer un email \u00e0 <strong><a href=\"mailto:webmaster@porteursdevivres.fr\">webmaster@porteursdevivres.fr<\/a><\/strong><\/p>","_links":{"self":[{"href":"https:\/\/www.porteursdevivres.fr\/index.php\/wp-json\/wp\/v2\/pages\/649","targetHints":{"allow":["GET"]}}],"collection":[{"href":"https:\/\/www.porteursdevivres.fr\/index.php\/wp-json\/wp\/v2\/pages"}],"about":[{"href":"https:\/\/www.porteursdevivres.fr\/index.php\/wp-json\/wp\/v2\/types\/page"}],"author":[{"embeddable":true,"href":"https:\/\/www.porteursdevivres.fr\/index.php\/wp-json\/wp\/v2\/users\/1"}],"replies":[{"embeddable":true,"href":"https:\/\/www.porteursdevivres.fr\/index.php\/wp-json\/wp\/v2\/comments?post=649"}],"version-history":[{"count":88,"href":"https:\/\/www.porteursdevivres.fr\/index.php\/wp-json\/wp\/v2\/pages\/649\/revisions"}],"predecessor-version":[{"id":4913,"href":"https:\/\/www.porteursdevivres.fr\/index.php\/wp-json\/wp\/v2\/pages\/649\/revisions\/4913"}],"wp:attachment":[{"href":"https:\/\/www.porteursdevivres.fr\/index.php\/wp-json\/wp\/v2\/media?parent=649"}],"curies":[{"name":"wp","href":"https:\/\/api.w.org\/{rel}","templated":true}]}}