{"id":1119,"date":"2025-02-25T16:23:55","date_gmt":"2025-02-25T15:23:55","guid":{"rendered":"https:\/\/porteursdevivres79.com\/?post_type=product&#038;p=1119"},"modified":"2026-04-18T16:09:12","modified_gmt":"2026-04-18T14:09:12","slug":"le-4-graines-500g-bio-fps","status":"publish","type":"product","link":"https:\/\/www.porteursdevivres.fr\/index.php\/produit\/le-4-graines-500g-bio-fps\/","title":{"rendered":"LE 4 GRAINES &#8211; 500G &#8211; BIO &#8211; FPS"},"content":{"rendered":"<div class=\"gmail_quote\">\n<div>\n<p>Une production du fournil Le\u00a0Pain\u2018Son \u00e0 Pougne-H\u00e9risson (79)<br \/>\nIngr\u00e9dients : farine de bl\u00e9 T80*, eau, levain*, graines de tournesol*, de courge*, de lin* et de pavot*, sel<br \/>\nAllerg\u00e8nes : gluten<br \/>\n* Ingr\u00e9dients issus de l\u2019agriculture biologique\n<\/p><\/div>\n<\/div>\n<div id=\"themify_builder_content-1323\" class=\"themify_builder_content themify_builder_content-1323 themify_builder tb_builder_empty\" data-postid=\"1323\"><\/div>\n","protected":false},"excerpt":{"rendered":"<p>Une production du fournil Le\u00a0Pain\u2018Son \u00e0 Pougne-H\u00e9risson (79) Ingr\u00e9dients : farine de bl\u00e9 T80*, eau, levain*, graines de tournesol*, de courge*, de lin* et de pavot*, sel Allerg\u00e8nes : gluten * Ingr\u00e9dients issus de l\u2019agriculture biologique<\/p>\n","protected":false},"featured_media":1149,"comment_status":"closed","ping_status":"closed","template":"","meta":[],"product_brand":[],"product_cat":[68],"product_tag":[],"class_list":{"0":"post-1119","1":"product","2":"type-product","3":"status-publish","4":"has-post-thumbnail","6":"product_cat-boulangerie","7":"has-post-title","8":"has-post-date","9":"has-post-category","10":"has-post-tag","11":"has-post-comment","12":"has-post-author","13":"","15":"first","16":"instock","17":"purchasable","18":"product-type-simple"},"builder_content":"","_links":{"self":[{"href":"https:\/\/www.porteursdevivres.fr\/index.php\/wp-json\/wp\/v2\/product\/1119","targetHints":{"allow":["GET"]}}],"collection":[{"href":"https:\/\/www.porteursdevivres.fr\/index.php\/wp-json\/wp\/v2\/product"}],"about":[{"href":"https:\/\/www.porteursdevivres.fr\/index.php\/wp-json\/wp\/v2\/types\/product"}],"replies":[{"embeddable":true,"href":"https:\/\/www.porteursdevivres.fr\/index.php\/wp-json\/wp\/v2\/comments?post=1119"}],"wp:featuredmedia":[{"embeddable":true,"href":"https:\/\/www.porteursdevivres.fr\/index.php\/wp-json\/wp\/v2\/media\/1149"}],"wp:attachment":[{"href":"https:\/\/www.porteursdevivres.fr\/index.php\/wp-json\/wp\/v2\/media?parent=1119"}],"wp:term":[{"taxonomy":"product_brand","embeddable":true,"href":"https:\/\/www.porteursdevivres.fr\/index.php\/wp-json\/wp\/v2\/product_brand?post=1119"},{"taxonomy":"product_cat","embeddable":true,"href":"https:\/\/www.porteursdevivres.fr\/index.php\/wp-json\/wp\/v2\/product_cat?post=1119"},{"taxonomy":"product_tag","embeddable":true,"href":"https:\/\/www.porteursdevivres.fr\/index.php\/wp-json\/wp\/v2\/product_tag?post=1119"}],"curies":[{"name":"wp","href":"https:\/\/api.w.org\/{rel}","templated":true}]}}