{"id":1123,"date":"2025-02-25T16:23:56","date_gmt":"2025-02-25T15:23:56","guid":{"rendered":"https:\/\/porteursdevivres79.com\/?post_type=product&#038;p=1123"},"modified":"2026-04-18T16:09:12","modified_gmt":"2026-04-18T14:09:12","slug":"le-petit-epeautre-engrain-400g-bio-fps","status":"publish","type":"product","link":"https:\/\/www.porteursdevivres.fr\/index.php\/produit\/le-petit-epeautre-engrain-400g-bio-fps\/","title":{"rendered":"LE PETIT EPEAUTRE (ENGRAIN) &#8211; 400G &#8211; BIO &#8211; FPS"},"content":{"rendered":"<div class=\"gmail_quote\">\n<div>\nUne production du Fournil Le Pain\u2019Son \u00e0 Pougne-H\u00e9risson (79)<br \/>\nIngr\u00e9dients : farine compl\u00e8te de petit \u00e9peautre*, eau, levain de petit \u00e9peautre*, sel<br \/>\nAllerg\u00e8nes : gluten<br \/>\n* Ingr\u00e9dients issus de l\u2019agriculture biologique<\/p>\n<\/div>\n<\/div>\n","protected":false},"excerpt":{"rendered":"<p>Une production du Fournil Le Pain\u2019Son \u00e0 Pougne-H\u00e9risson (79) Ingr\u00e9dients : farine compl\u00e8te de petit \u00e9peautre*, eau, levain de petit \u00e9peautre*, sel Allerg\u00e8nes : gluten * Ingr\u00e9dients issus de l\u2019agriculture biologique<\/p>\n","protected":false},"featured_media":1153,"comment_status":"closed","ping_status":"closed","template":"","meta":[],"product_brand":[],"product_cat":[68],"product_tag":[],"class_list":{"0":"post-1123","1":"product","2":"type-product","3":"status-publish","4":"has-post-thumbnail","6":"product_cat-boulangerie","7":"has-post-title","8":"has-post-date","9":"has-post-category","10":"has-post-tag","11":"has-post-comment","12":"has-post-author","13":"","15":"first","16":"instock","17":"purchasable","18":"product-type-simple"},"builder_content":"","_links":{"self":[{"href":"https:\/\/www.porteursdevivres.fr\/index.php\/wp-json\/wp\/v2\/product\/1123","targetHints":{"allow":["GET"]}}],"collection":[{"href":"https:\/\/www.porteursdevivres.fr\/index.php\/wp-json\/wp\/v2\/product"}],"about":[{"href":"https:\/\/www.porteursdevivres.fr\/index.php\/wp-json\/wp\/v2\/types\/product"}],"replies":[{"embeddable":true,"href":"https:\/\/www.porteursdevivres.fr\/index.php\/wp-json\/wp\/v2\/comments?post=1123"}],"wp:featuredmedia":[{"embeddable":true,"href":"https:\/\/www.porteursdevivres.fr\/index.php\/wp-json\/wp\/v2\/media\/1153"}],"wp:attachment":[{"href":"https:\/\/www.porteursdevivres.fr\/index.php\/wp-json\/wp\/v2\/media?parent=1123"}],"wp:term":[{"taxonomy":"product_brand","embeddable":true,"href":"https:\/\/www.porteursdevivres.fr\/index.php\/wp-json\/wp\/v2\/product_brand?post=1123"},{"taxonomy":"product_cat","embeddable":true,"href":"https:\/\/www.porteursdevivres.fr\/index.php\/wp-json\/wp\/v2\/product_cat?post=1123"},{"taxonomy":"product_tag","embeddable":true,"href":"https:\/\/www.porteursdevivres.fr\/index.php\/wp-json\/wp\/v2\/product_tag?post=1123"}],"curies":[{"name":"wp","href":"https:\/\/api.w.org\/{rel}","templated":true}]}}