{"id":4318,"date":"2025-11-26T09:13:17","date_gmt":"2025-11-26T08:13:17","guid":{"rendered":"https:\/\/porteursdevivres79.com\/?post_type=product&#038;p=4318"},"modified":"2026-04-18T16:09:10","modified_gmt":"2026-04-18T14:09:10","slug":"le-4-graines-1kg-bio-fps","status":"publish","type":"product","link":"https:\/\/www.porteursdevivres.fr\/index.php\/produit\/le-4-graines-1kg-bio-fps\/","title":{"rendered":"LE 4 GRAINES &#8211; 1kg &#8211; BIO &#8211; FPS"},"content":{"rendered":"<div class=\"gmail_quote\">\n<div>\n<p>Une production du fournil Le <span class=\"il\">Pain<\/span>\u2018<span class=\"il\">Son<\/span>\u00a0\u00e0 Pougne-H\u00e9risson (79)<br \/>\nIngr\u00e9dients : farine de bl\u00e9 T80*, eau, levain*, graines de tournesol*, de courge*, de lin* et de pavot*, sel<br \/>\nAllerg\u00e8nes : gluten<br \/>\n* Ingr\u00e9dients issus de l\u2019agriculture biologique<\/p>\n<p>Si vous h\u00e9sitez entre un pain de 1kg ou 2 pains de 500g aux graines, pr\u00e9f\u00e9rez le kilo si vous voulez une texture un peu plus moelleuse au centre ou faites un test comparatif en commandant les deux ! C&rsquo;est un pain qui se cong\u00e8le tr\u00e8s bien.<\/p>\n<\/div>\n<\/div>\n","protected":false},"excerpt":{"rendered":"<p>Une production du fournil Le Pain\u2018Son\u00a0\u00e0 Pougne-H\u00e9risson (79) Ingr\u00e9dients : farine de bl\u00e9 T80*, eau, levain*, graines de tournesol*, de courge*, de lin* et de pavot*, sel Allerg\u00e8nes : gluten * Ingr\u00e9dients issus de l\u2019agriculture biologique Si vous h\u00e9sitez entre un pain de 1kg ou 2 pains de 500g aux graines, pr\u00e9f\u00e9rez le kilo si [&hellip;]<\/p>\n","protected":false},"featured_media":4321,"comment_status":"closed","ping_status":"closed","template":"","meta":[],"product_brand":[],"product_cat":[68],"product_tag":[],"class_list":{"0":"post-4318","1":"product","2":"type-product","3":"status-publish","4":"has-post-thumbnail","6":"product_cat-boulangerie","7":"has-post-title","8":"has-post-date","9":"has-post-category","10":"has-post-tag","11":"has-post-comment","12":"has-post-author","13":"","15":"first","16":"instock","17":"purchasable","18":"product-type-simple"},"builder_content":"","_links":{"self":[{"href":"https:\/\/www.porteursdevivres.fr\/index.php\/wp-json\/wp\/v2\/product\/4318","targetHints":{"allow":["GET"]}}],"collection":[{"href":"https:\/\/www.porteursdevivres.fr\/index.php\/wp-json\/wp\/v2\/product"}],"about":[{"href":"https:\/\/www.porteursdevivres.fr\/index.php\/wp-json\/wp\/v2\/types\/product"}],"replies":[{"embeddable":true,"href":"https:\/\/www.porteursdevivres.fr\/index.php\/wp-json\/wp\/v2\/comments?post=4318"}],"wp:featuredmedia":[{"embeddable":true,"href":"https:\/\/www.porteursdevivres.fr\/index.php\/wp-json\/wp\/v2\/media\/4321"}],"wp:attachment":[{"href":"https:\/\/www.porteursdevivres.fr\/index.php\/wp-json\/wp\/v2\/media?parent=4318"}],"wp:term":[{"taxonomy":"product_brand","embeddable":true,"href":"https:\/\/www.porteursdevivres.fr\/index.php\/wp-json\/wp\/v2\/product_brand?post=4318"},{"taxonomy":"product_cat","embeddable":true,"href":"https:\/\/www.porteursdevivres.fr\/index.php\/wp-json\/wp\/v2\/product_cat?post=4318"},{"taxonomy":"product_tag","embeddable":true,"href":"https:\/\/www.porteursdevivres.fr\/index.php\/wp-json\/wp\/v2\/product_tag?post=4318"}],"curies":[{"name":"wp","href":"https:\/\/api.w.org\/{rel}","templated":true}]}}